{"id":68,"date":"2023-03-08T17:25:52","date_gmt":"2023-03-08T17:25:52","guid":{"rendered":"http:\/\/www.aravuori.fi\/?page_id=68"},"modified":"2026-01-24T11:20:31","modified_gmt":"2026-01-24T11:20:31","slug":"taloyhtion-hallitusammattilainen","status":"publish","type":"page","link":"https:\/\/www.aravuori.fi\/index.php\/taloyhtion-hallitusammattilainen\/","title":{"rendered":"Taloyhti\u00f6n hallitusammattilainen"},"content":{"rendered":"\n<p>Olen toiminut yhteens\u00e4 50 vuotta lukuisten taloyhti\u00f6iden hallituksissa, l\u00e4hes kaikissa puheenjohtajana. Olen tehnyt paljon yhteisty\u00f6t\u00e4 ja ollut ratkaisemassa haastavia tilanteita erilaisten hallitusten, osakkaiden, is\u00e4nn\u00f6itsij\u00f6iden, huoltoyhti\u00f6iden, urakoitsijoiden ja muiden tahojen kanssa. &nbsp;K\u00e4yt\u00e4nn\u00f6n kokemuksen lis\u00e4ksi minulla on laaja ja monipuolinen koulutus. Yll\u00e4pid\u00e4n ja kehit\u00e4n osaamistani jatkuvasti.<\/p>\n\n\n\n<p>Erilaisten hankkeiden suunnittelu, kilpailuttaminen ja vet\u00e4minen on minulle tuttua, kuten my\u00f6s taloyhti\u00f6n palveluiden kilpailuttaminen. Olen my\u00f6s koko ty\u00f6urani ratkaisut ty\u00f6paikan ja ty\u00f6yhteis\u00f6jen haastavia tilanteita. Vahvuuksiani on my\u00f6s ty\u00f6uran kautta hankittu laaja kokemus yhteiskunnallisista asioista, psykologiasta ja ennen kaikkea ihmisten parissa ty\u00f6skentelyst\u00e4 ja ongelmanratkaisusta.<\/p>\n\n\n\n<p>Vahvuuteni on m\u00e4\u00e4r\u00e4tietoinen ja yhteisty\u00f6hakuinen ote hallitusty\u00f6skentelyss\u00e4. Pyrin aina l\u00f6yt\u00e4m\u00e4\u00e4n parhaan tavan tehd\u00e4 ty\u00f6t\u00e4 erilaisten hallitusten ja is\u00e4nn\u00f6itsij\u00f6iden kanssa. Minusta taloyhti\u00f6 saa kokeneen ja monipuolisesti kouluttautuneen puheenjohtajan tai hallituksen j\u00e4senen.&nbsp;<\/p>\n\n\n\n<p>Kuulen mielell\u00e4ni teid\u00e4n tilanteestanne! Voit soittaa minulle suoraan tai j\u00e4tt\u00e4\u00e4 yhteydenottopyynn\u00f6n. Voin tulla my\u00f6s esitt\u00e4ytym\u00e4\u00e4n ja keskustelemaan kanssanne. Annan mielell\u00e4ni tarjouksen perehdytty\u00e4ni tilanteeseenne.<\/p>\n\n\n\n<p><em>Vuonna 2019 ISTO Etel\u00e4-Suomi valitsi minut vuoden hallituksen puheenjohtajaksi.<\/em><\/p>\n\n\n\n<p>Koulutuksiani<\/p>\n\n\n\n<p><a href=\"https:\/\/www.jamk.fi\/fi\/hae-opiskelemaan\/osaamiskokonaisuus\/vastuullinen-korjausrakentaminen-tarpeesta-tilaukseen\" title=\"\">Vastuullinen korjausrakentaminen \u2013 tarpeesta tilaukseen (JAMK, 6op)<\/a><\/p>\n\n\n\n<p><a href=\"https:\/\/www.kiinteistoliitto.fi\/palvelut\/koulutus\/verkkokurssit\/\">Hyv\u00e4ksytty taloyhti\u00f6n hallituksen j\u00e4sen \u2013 HTHJ<\/a><\/p>\n\n\n\n<p><a href=\"https:\/\/www.kiinteistoliitto.fi\/palvelut\/koulutus\/verkkokurssit\/\">Hallituksen puheenjohtajana taloyhti\u00f6ss\u00e4 \u2013 HTHJPLUS<\/a><\/p>\n\n\n\n<p><a href=\"https:\/\/www.kiinko.fi\/koulutus\/koulutustarjotin\/taloushallinto\/asunto-osakeyhtion-talouden-perusteet\">Asunto-osakeyhti\u00f6n talouden perusteet<\/a><\/p>\n\n\n\n<p><a href=\"https:\/\/www.kiinko.fi\/koulutus\/koulutustarjotin\/isannointi-ja-asuminen\/perehdy-isannointiin\">Perehdy is\u00e4nn\u00f6intiin<\/a><\/p>\n\n\n\n<p>Lis\u00e4ksi lukuisia koulutuksia hallinnosta, taloudesta, hankkeiden toteuttamisesta, osakkaan oikeuksista, vastuista taloyhti\u00f6ss\u00e4, jne.<\/p>\n\n\n\n<p><\/p>\n\n\n\n<p><\/p>\n","protected":false},"excerpt":{"rendered":"<p>Olen toiminut yhteens\u00e4 50 vuotta lukuisten taloyhti\u00f6iden hallituksissa, l\u00e4hes kaikissa puheenjohtajana. Olen tehnyt paljon yhteisty\u00f6t\u00e4 ja ollut ratkaisemassa haastavia tilanteita erilaisten hallitusten, osakkaiden, is\u00e4nn\u00f6itsij\u00f6iden, huoltoyhti\u00f6iden, urakoitsijoiden ja muiden tahojen kanssa. &nbsp;K\u00e4yt\u00e4nn\u00f6n kokemuksen lis\u00e4ksi minulla on laaja ja monipuolinen koulutus. Yll\u00e4pid\u00e4n ja kehit\u00e4n osaamistani jatkuvasti. Erilaisten hankkeiden suunnittelu, kilpailuttaminen ja vet\u00e4minen on minulle tuttua, kuten my\u00f6s &hellip; <\/p>\n<p class=\"link-more\"><a href=\"https:\/\/www.aravuori.fi\/index.php\/taloyhtion-hallitusammattilainen\/\" class=\"more-link\">Jatka lukemista<span class=\"screen-reader-text\"> &#8221;Taloyhti\u00f6n hallitusammattilainen&#8221;<\/span><\/a><\/p>\n","protected":false},"author":1,"featured_media":0,"parent":0,"menu_order":0,"comment_status":"closed","ping_status":"closed","template":"","meta":{"om_disable_all_campaigns":false,"_monsterinsights_skip_tracking":false,"_monsterinsights_sitenote_active":false,"_monsterinsights_sitenote_note":"","_monsterinsights_sitenote_category":0,"_uf_show_specific_survey":0,"_uf_disable_surveys":false,"footnotes":""},"class_list":["post-68","page","type-page","status-publish","hentry"],"aioseo_notices":[],"_links":{"self":[{"href":"https:\/\/www.aravuori.fi\/index.php\/wp-json\/wp\/v2\/pages\/68","targetHints":{"allow":["GET"]}}],"collection":[{"href":"https:\/\/www.aravuori.fi\/index.php\/wp-json\/wp\/v2\/pages"}],"about":[{"href":"https:\/\/www.aravuori.fi\/index.php\/wp-json\/wp\/v2\/types\/page"}],"author":[{"embeddable":true,"href":"https:\/\/www.aravuori.fi\/index.php\/wp-json\/wp\/v2\/users\/1"}],"replies":[{"embeddable":true,"href":"https:\/\/www.aravuori.fi\/index.php\/wp-json\/wp\/v2\/comments?post=68"}],"version-history":[{"count":5,"href":"https:\/\/www.aravuori.fi\/index.php\/wp-json\/wp\/v2\/pages\/68\/revisions"}],"predecessor-version":[{"id":119,"href":"https:\/\/www.aravuori.fi\/index.php\/wp-json\/wp\/v2\/pages\/68\/revisions\/119"}],"wp:attachment":[{"href":"https:\/\/www.aravuori.fi\/index.php\/wp-json\/wp\/v2\/media?parent=68"}],"curies":[{"name":"wp","href":"https:\/\/api.w.org\/{rel}","templated":true}]}}