{"id":11,"date":"2023-03-05T17:30:36","date_gmt":"2023-03-05T17:30:36","guid":{"rendered":"http:\/\/www.aravuori.fi\/?page_id=11"},"modified":"2025-01-09T10:46:16","modified_gmt":"2025-01-09T10:46:16","slug":"ota-yhteytta","status":"publish","type":"page","link":"https:\/\/www.aravuori.fi\/index.php\/ota-yhteytta\/","title":{"rendered":"Ota yhteytt\u00e4"},"content":{"rendered":"\n<p>Ota yhteytt\u00e4 niin voimme keskustella tilanteestanne ja teille sopivasta ratkaisusta, johon voi sovittelun lis\u00e4ksi kuulua koulutusta tai ty\u00f6paja koko ty\u00f6yhteis\u00f6lle. Voin my\u00f6s esitell\u00e4 ty\u00f6yhteis\u00f6sovittelua tarkemmin ja kertoa sen mahdollisuuksista.<\/p>\n\n\n\n<p>Kaikki yhteydenotot ovat luottamuksellisia ja maksuttomia.<\/p>\n\n\n\n<p>Konflikti ei ole vain haaste, se on my\u00f6s mahdollisuus.<\/p>\n\n\n\n<p>Simo Aravuori<\/p>\n\n\n\n<p>puh. 040 7198 064<\/p>\n\n\n\n<p>simo.aravuori(at)gmail.com<\/p>\n\n\n\n<p>Y-tunnus: 3314146-7<\/p>\n","protected":false},"excerpt":{"rendered":"<p>Ota yhteytt\u00e4 niin voimme keskustella tilanteestanne ja teille sopivasta ratkaisusta, johon voi sovittelun lis\u00e4ksi kuulua koulutusta tai ty\u00f6paja koko ty\u00f6yhteis\u00f6lle. Voin my\u00f6s esitell\u00e4 ty\u00f6yhteis\u00f6sovittelua tarkemmin ja kertoa sen mahdollisuuksista. Kaikki yhteydenotot ovat luottamuksellisia ja maksuttomia. Konflikti ei ole vain haaste, se on my\u00f6s mahdollisuus. Simo Aravuori puh. 040 7198 064 simo.aravuori(at)gmail.com Y-tunnus: 3314146-7<\/p>\n","protected":false},"author":1,"featured_media":0,"parent":0,"menu_order":0,"comment_status":"closed","ping_status":"closed","template":"","meta":{"om_disable_all_campaigns":false,"_monsterinsights_skip_tracking":false,"_monsterinsights_sitenote_active":false,"_monsterinsights_sitenote_note":"","_monsterinsights_sitenote_category":0,"_uf_show_specific_survey":0,"_uf_disable_surveys":false,"footnotes":""},"class_list":["post-11","page","type-page","status-publish","hentry"],"aioseo_notices":[],"_links":{"self":[{"href":"https:\/\/www.aravuori.fi\/index.php\/wp-json\/wp\/v2\/pages\/11","targetHints":{"allow":["GET"]}}],"collection":[{"href":"https:\/\/www.aravuori.fi\/index.php\/wp-json\/wp\/v2\/pages"}],"about":[{"href":"https:\/\/www.aravuori.fi\/index.php\/wp-json\/wp\/v2\/types\/page"}],"author":[{"embeddable":true,"href":"https:\/\/www.aravuori.fi\/index.php\/wp-json\/wp\/v2\/users\/1"}],"replies":[{"embeddable":true,"href":"https:\/\/www.aravuori.fi\/index.php\/wp-json\/wp\/v2\/comments?post=11"}],"version-history":[{"count":6,"href":"https:\/\/www.aravuori.fi\/index.php\/wp-json\/wp\/v2\/pages\/11\/revisions"}],"predecessor-version":[{"id":115,"href":"https:\/\/www.aravuori.fi\/index.php\/wp-json\/wp\/v2\/pages\/11\/revisions\/115"}],"wp:attachment":[{"href":"https:\/\/www.aravuori.fi\/index.php\/wp-json\/wp\/v2\/media?parent=11"}],"curies":[{"name":"wp","href":"https:\/\/api.w.org\/{rel}","templated":true}]}}