{"id":10,"date":"2023-03-05T17:30:36","date_gmt":"2023-03-05T17:30:36","guid":{"rendered":"http:\/\/www.aravuori.fi\/?page_id=10"},"modified":"2025-01-09T10:44:25","modified_gmt":"2025-01-09T10:44:25","slug":"tietoja","status":"publish","type":"page","link":"https:\/\/www.aravuori.fi\/index.php\/tietoja\/","title":{"rendered":"Tietoja minusta"},"content":{"rendered":"\n<p>Olen Simo Aravuori, ty\u00f6yhteis\u00f6sovittelija, aikuiskouluttaja, ty\u00f6suojeluvaltuutettu. Aiemmin pitk\u00e4\u00e4n psykologian ja yhteiskunnallisten aineiden opettaja.<\/p>\n\n\n\n<p>Koko ty\u00f6urani olen toiminut haastavissa vuorovaikutustilanteissa ihmisten parissa ja ollut ratkaisemassa yhteistoimintaan ja vuorovaikutukseen liittyvi\u00e4 ongelmia. Opettajana, esihenkil\u00f6n avustajana, johtoryhm\u00e4n j\u00e4senen\u00e4 ja my\u00f6s luottamusmiehen\u00e4.<\/p>\n\n\n\n<p>Minulla on ollut runsaasti luottamusteht\u00e4vi\u00e4. Jo l\u00e4hes vuosikymmenen olen toiminut henkil\u00f6st\u00f6n valitsemana ty\u00f6suojeluvaltuutettuna ja t\u00e4m\u00e4n lis\u00e4ksi my\u00f6s puheenjohtajana kunnan eri yhteistoimintaelimiss\u00e4.<\/p>\n\n\n\n<p>Olen kouluttanut pitk\u00e4\u00e4n ty\u00f6hyvinvointia ja sen osa-alueita. Kierr\u00e4n my\u00f6s jatkuvasti ty\u00f6yhteis\u00f6iss\u00e4 puhumassa ja kouluttamassa eri ty\u00f6suojelun ja ty\u00f6hyvinvoinnin aiheita.<\/p>\n\n\n\n<p>Olen toiminut my\u00f6s kymmeni\u00e4 vuosia lukuisten taloyhti\u00f6iden hallituksissa, erityisesti puheenjohtajana. Erilaisten taloyhti\u00f6iden puheenjohtajana olen hoitanut monenlaisia haastavia tilanteita ja kohdannut ihmisi\u00e4, osakkaista vuokralaisiin ja is\u00e4nn\u00f6itsij\u00f6ist\u00e4 urakoitsijoihin.<\/p>\n\n\n<div class=\"wp-block-image is-style-rounded\">\n<figure class=\"aligncenter size-large is-resized\"><img loading=\"lazy\" decoding=\"async\" width=\"873\" height=\"1024\" src=\"https:\/\/www.aravuori.fi\/wp-content\/uploads\/2025\/01\/simo-nettisivut-873x1024.jpg\" alt=\"\" class=\"wp-image-111\" style=\"width:368px;height:auto\" srcset=\"https:\/\/www.aravuori.fi\/wp-content\/uploads\/2025\/01\/simo-nettisivut-873x1024.jpg 873w, https:\/\/www.aravuori.fi\/wp-content\/uploads\/2025\/01\/simo-nettisivut-256x300.jpg 256w, https:\/\/www.aravuori.fi\/wp-content\/uploads\/2025\/01\/simo-nettisivut-768x901.jpg 768w, https:\/\/www.aravuori.fi\/wp-content\/uploads\/2025\/01\/simo-nettisivut-1309x1536.jpg 1309w, https:\/\/www.aravuori.fi\/wp-content\/uploads\/2025\/01\/simo-nettisivut-1745x2048.jpg 1745w, https:\/\/www.aravuori.fi\/wp-content\/uploads\/2025\/01\/simo-nettisivut.jpg 2016w\" sizes=\"auto, (max-width: 767px) 89vw, (max-width: 1000px) 54vw, (max-width: 1071px) 543px, 580px\" \/><\/figure>\n<\/div>\n\n\n<p><a href=\"https:\/\/fi.linkedin.com\/in\/simo-aravuori\">LinkedIn-profiilini<\/a><\/p>\n\n\n\n<h2 class=\"wp-block-heading\">Koulutukset<\/h2>\n\n\n\n<ul class=\"wp-block-list\">\n<li><a href=\"https:\/\/hyplus.helsinki.fi\/sv\/koulutus\/tyoyhteisosovittelun-diploma\/?gclid=Cj0KCQiAgaGgBhC8ARIsAAAyLfFUBNuQGU7eeEqhaf0uGdYvJUN_OAQ7mRrmJ2iOOe_-NR57nyoP_DYaArC0EALw_wcB\">Ty\u00f6yhteis\u00f6sovittelun diploma, HY+ (15op)<\/a><\/li>\n\n\n\n<li><a href=\"https:\/\/sovittelu.com\/vertaissovittelu\/koulutukset\/resto-taydennyskoulutus-henkilokunnalle\/\">RESTO \u2013 Sovitteleva ja restoratiivinen yhteis\u00f6 -koulutus<\/a><\/li>\n\n\n\n<li><a href=\"https:\/\/grapepeople.fi\/palvelut\/valmennukset\/vaikuttava-fasilitointi-valmennus\/\">Vaikuttava fasilitointi<\/a> ja <a href=\"https:\/\/grapepeople.fi\/palvelut\/valmennukset\/edistynyt-fasilitointi\/\">Edistynyt fasilitointi<\/a> -valmennukset<\/li>\n\n\n\n<li>Runsaasti lyhyempi\u00e4 koulutuksia ty\u00f6hyvinvoinnista, ristiriidoista jne.<\/li>\n<\/ul>\n\n\n\n<h2 class=\"wp-block-heading\">J\u00e4senyydet<\/h2>\n\n\n\n<ul class=\"wp-block-list\">\n<li><a href=\"https:\/\/sovittelu.com\/\">Suomen sovittelufoorumi<\/a><\/li>\n\n\n\n<li><a href=\"https:\/\/akha.fi\/ammattilainen\/simo-aravuori\/\">AKHA ry. Taloyhti\u00f6iden hallitusammattilaiset<\/a><\/li>\n\n\n\n<li><a href=\"https:\/\/www.yrittajat.fi\/\">Suomen Yritt\u00e4j\u00e4t<\/a><\/li>\n<\/ul>\n","protected":false},"excerpt":{"rendered":"<p>Olen Simo Aravuori, ty\u00f6yhteis\u00f6sovittelija, aikuiskouluttaja, ty\u00f6suojeluvaltuutettu. Aiemmin pitk\u00e4\u00e4n psykologian ja yhteiskunnallisten aineiden opettaja. Koko ty\u00f6urani olen toiminut haastavissa vuorovaikutustilanteissa ihmisten parissa ja ollut ratkaisemassa yhteistoimintaan ja vuorovaikutukseen liittyvi\u00e4 ongelmia. Opettajana, esihenkil\u00f6n avustajana, johtoryhm\u00e4n j\u00e4senen\u00e4 ja my\u00f6s luottamusmiehen\u00e4. Minulla on ollut runsaasti luottamusteht\u00e4vi\u00e4. Jo l\u00e4hes vuosikymmenen olen toiminut henkil\u00f6st\u00f6n valitsemana ty\u00f6suojeluvaltuutettuna ja t\u00e4m\u00e4n lis\u00e4ksi my\u00f6s puheenjohtajana &hellip; <\/p>\n<p class=\"link-more\"><a href=\"https:\/\/www.aravuori.fi\/index.php\/tietoja\/\" class=\"more-link\">Jatka lukemista<span class=\"screen-reader-text\"> &#8221;Tietoja minusta&#8221;<\/span><\/a><\/p>\n","protected":false},"author":1,"featured_media":0,"parent":0,"menu_order":0,"comment_status":"closed","ping_status":"closed","template":"","meta":{"om_disable_all_campaigns":false,"_monsterinsights_skip_tracking":false,"_monsterinsights_sitenote_active":false,"_monsterinsights_sitenote_note":"","_monsterinsights_sitenote_category":0,"_uf_show_specific_survey":0,"_uf_disable_surveys":false,"footnotes":""},"class_list":["post-10","page","type-page","status-publish","hentry"],"aioseo_notices":[],"_links":{"self":[{"href":"https:\/\/www.aravuori.fi\/index.php\/wp-json\/wp\/v2\/pages\/10","targetHints":{"allow":["GET"]}}],"collection":[{"href":"https:\/\/www.aravuori.fi\/index.php\/wp-json\/wp\/v2\/pages"}],"about":[{"href":"https:\/\/www.aravuori.fi\/index.php\/wp-json\/wp\/v2\/types\/page"}],"author":[{"embeddable":true,"href":"https:\/\/www.aravuori.fi\/index.php\/wp-json\/wp\/v2\/users\/1"}],"replies":[{"embeddable":true,"href":"https:\/\/www.aravuori.fi\/index.php\/wp-json\/wp\/v2\/comments?post=10"}],"version-history":[{"count":12,"href":"https:\/\/www.aravuori.fi\/index.php\/wp-json\/wp\/v2\/pages\/10\/revisions"}],"predecessor-version":[{"id":113,"href":"https:\/\/www.aravuori.fi\/index.php\/wp-json\/wp\/v2\/pages\/10\/revisions\/113"}],"wp:attachment":[{"href":"https:\/\/www.aravuori.fi\/index.php\/wp-json\/wp\/v2\/media?parent=10"}],"curies":[{"name":"wp","href":"https:\/\/api.w.org\/{rel}","templated":true}]}}